{"id":2,"date":"2026-02-19T09:09:19","date_gmt":"2026-02-19T09:09:19","guid":{"rendered":"http:\/\/encrage.pro\/?page_id=2"},"modified":"2026-03-16T14:40:39","modified_gmt":"2026-03-16T14:40:39","slug":"presentations","status":"publish","type":"page","link":"http:\/\/encrage.pro\/index.php\/presentations\/","title":{"rendered":"Notre \u00e9quipe"},"content":{"rendered":"\n<figure class=\"wp-block-image aligncenter size-large is-resized\"><img loading=\"lazy\" decoding=\"async\" width=\"819\" height=\"1024\" src=\"http:\/\/encrage.pro\/wp-content\/uploads\/2026\/02\/Poste-819x1024.png\" alt=\"\" class=\"wp-image-23\" style=\"aspect-ratio:0.7997791254141399;width:238px;height:auto\" srcset=\"http:\/\/encrage.pro\/wp-content\/uploads\/2026\/02\/Poste-819x1024.png 819w, http:\/\/encrage.pro\/wp-content\/uploads\/2026\/02\/Poste-240x300.png 240w, http:\/\/encrage.pro\/wp-content\/uploads\/2026\/02\/Poste-768x960.png 768w, http:\/\/encrage.pro\/wp-content\/uploads\/2026\/02\/Poste-1228x1536.png 1228w, http:\/\/encrage.pro\/wp-content\/uploads\/2026\/02\/Poste.png 1350w\" sizes=\"auto, (max-width: 819px) 100vw, 819px\" \/><\/figure>\n\n\n\n<p class=\"is-style-text-annotation has-xx-large-font-size is-style-text-annotation--1\"><strong>Lily Padioleau<\/strong><\/p>\n\n\n\n<blockquote class=\"wp-block-quote is-layout-flow wp-block-quote-is-layout-flow\">\n<p>Apr\u00e8s des ann\u00e9es \u00e0 \u00e9crire et \u00e0 cr\u00e9er, et apr\u00e8s l\u2019organisation de deux salons du livre, Encrage s\u2019est impos\u00e9e comme une \u00e9vidence : cr\u00e9er une association pour faire vivre la litt\u00e9rature, les rencontres et la cr\u00e9ation autrement.<\/p>\n\n\n\n<p>Avec ce projet, je prolonge mon engagement en faveur des livres aux c\u00f4t\u00e9s de mes plus ch\u00e8res amies, dans une aventure collective, humaine et profond\u00e9ment align\u00e9e avec mes valeurs.<\/p>\n<\/blockquote>\n\n\n\n<p><em>Lily Padioleau, autrice et organisatrice d\u2019\u00e9v\u00e9nements litt\u00e9raires.<\/em><\/p>\n\n\n\n<figure class=\"wp-block-image aligncenter size-large is-resized has-custom-border wp-container-content-ed21fa02\" style=\"margin-right:0;margin-left:0\"><img loading=\"lazy\" decoding=\"async\" width=\"819\" height=\"1024\" src=\"http:\/\/encrage.pro\/wp-content\/uploads\/2026\/02\/Posts-ENCRAGE-819x1024.png\" alt=\"\" class=\"wp-image-22\" style=\"border-style:none;border-width:0px;border-top-left-radius:0px;border-top-right-radius:0px;border-bottom-left-radius:0px;border-bottom-right-radius:0px;aspect-ratio:0.6666666666666666;object-fit:cover;width:202px;height:auto\" srcset=\"http:\/\/encrage.pro\/wp-content\/uploads\/2026\/02\/Posts-ENCRAGE-819x1024.png 819w, http:\/\/encrage.pro\/wp-content\/uploads\/2026\/02\/Posts-ENCRAGE-240x300.png 240w, http:\/\/encrage.pro\/wp-content\/uploads\/2026\/02\/Posts-ENCRAGE-768x960.png 768w, http:\/\/encrage.pro\/wp-content\/uploads\/2026\/02\/Posts-ENCRAGE-1229x1536.png 1229w, http:\/\/encrage.pro\/wp-content\/uploads\/2026\/02\/Posts-ENCRAGE.png 1485w\" sizes=\"auto, (max-width: 819px) 100vw, 819px\" \/><\/figure>\n\n\n\n<p class=\"has-text-align-center is-style-text-annotation has-xx-large-font-size is-style-text-annotation--2\"><strong>Sienna Pratt<\/strong><\/p>\n\n\n\n<div class=\"wp-block-group is-nowrap is-layout-flex wp-container-core-group-is-layout-6c531013 wp-block-group-is-layout-flex\">\n<blockquote class=\"wp-block-quote is-layout-flow wp-block-quote-is-layout-flow\">\n<p>Cam\u00e9l\u00e9on par nature, j\u2019aime m\u2019infiltrer dans des univers myst\u00e9rieux. Ma devise est : suivre mes r\u00eaves en d\u00e9bordant des cases, tout en me rappelant que la vie ne dure qu\u2019un temps !<\/p>\n\n\n\n<p>Avec ENCRAGE et mes acolytes, je m\u2019investis dans la promotion de la culture au sens large, loin de l\u2019\u00e9litisme moralisateur, jugeant et destructeur, pour plus d\u2019inclusion, de partage et d\u2019\u00e9vasion.<\/p>\n<\/blockquote>\n<\/div>\n\n\n\n<p><em>Sienna Pratt<\/em>, a<em>utrice r\u00e9volt\u00e9e de litt\u00e9rature de l\u2019imaginaire<\/em><\/p>\n\n\n\n<figure class=\"wp-block-image aligncenter size-large is-resized has-custom-border wp-container-content-ed21fa02\" style=\"margin-right:0;margin-left:0\"><img loading=\"lazy\" decoding=\"async\" width=\"819\" height=\"1024\" src=\"http:\/\/encrage.pro\/wp-content\/uploads\/2026\/02\/Posts-ENCRAGE-1-819x1024.png\" alt=\"\" class=\"wp-image-24\" style=\"border-style:none;border-width:0px;border-top-left-radius:0px;border-top-right-radius:0px;border-bottom-left-radius:0px;border-bottom-right-radius:0px;aspect-ratio:0.6666666666666666;object-fit:cover;width:202px;height:auto\" srcset=\"http:\/\/encrage.pro\/wp-content\/uploads\/2026\/02\/Posts-ENCRAGE-1-819x1024.png 819w, http:\/\/encrage.pro\/wp-content\/uploads\/2026\/02\/Posts-ENCRAGE-1-240x300.png 240w, http:\/\/encrage.pro\/wp-content\/uploads\/2026\/02\/Posts-ENCRAGE-1-768x960.png 768w, http:\/\/encrage.pro\/wp-content\/uploads\/2026\/02\/Posts-ENCRAGE-1-1228x1536.png 1228w, http:\/\/encrage.pro\/wp-content\/uploads\/2026\/02\/Posts-ENCRAGE-1.png 1350w\" sizes=\"auto, (max-width: 819px) 100vw, 819px\" \/><\/figure>\n\n\n\n<p class=\"has-text-align-center is-style-text-annotation has-xx-large-font-size is-style-text-annotation--3\"><strong>Ang\u00e9lique Leroy<\/strong><\/p>\n\n\n\n<div class=\"wp-block-group is-nowrap is-layout-flex wp-container-core-group-is-layout-6c531013 wp-block-group-is-layout-flex\">\n<blockquote class=\"wp-block-quote is-layout-flow wp-block-quote-is-layout-flow\">\n<p>Amoureuse des mots et de l\u2019amour, je suis une grande r\u00eaveuse sans cesse en qu\u00eate d\u2019aventures.<\/p>\n\n\n\n<p>Le projet Encrage est n\u00e9 comme une \u00e9vidence. Alors le partager aux c\u00f4t\u00e9s de femmes d\u2019exception, qui s\u2019animent tout comme moi de partager avec passion cet art qu\u2019est la litt\u00e9rature : rien ne pouvait \u00eatre plus juste comme engagement.<\/p>\n<\/blockquote>\n<\/div>\n\n\n\n<p><em>Ang\u00e9lique Leroy, lectrice passionn\u00e9e et soutien d\u00e9termin\u00e9.<\/em><\/p>\n\n\n\n<figure class=\"wp-block-image aligncenter size-large is-resized has-custom-border wp-container-content-ed21fa02\" style=\"margin-right:0;margin-left:0\"><img loading=\"lazy\" decoding=\"async\" width=\"819\" height=\"1024\" src=\"http:\/\/encrage.pro\/wp-content\/uploads\/2026\/02\/Posts-ENCRAGE-4-819x1024.png\" alt=\"\" class=\"wp-image-27\" style=\"border-style:none;border-width:0px;border-top-left-radius:0px;border-top-right-radius:0px;border-bottom-left-radius:0px;border-bottom-right-radius:0px;aspect-ratio:0.6666666666666666;object-fit:cover;width:202px;height:auto\" srcset=\"http:\/\/encrage.pro\/wp-content\/uploads\/2026\/02\/Posts-ENCRAGE-4-819x1024.png 819w, http:\/\/encrage.pro\/wp-content\/uploads\/2026\/02\/Posts-ENCRAGE-4-240x300.png 240w, http:\/\/encrage.pro\/wp-content\/uploads\/2026\/02\/Posts-ENCRAGE-4-768x960.png 768w, http:\/\/encrage.pro\/wp-content\/uploads\/2026\/02\/Posts-ENCRAGE-4-1229x1536.png 1229w, http:\/\/encrage.pro\/wp-content\/uploads\/2026\/02\/Posts-ENCRAGE-4.png 1485w\" sizes=\"auto, (max-width: 819px) 100vw, 819px\" \/><\/figure>\n\n\n\n<p class=\"has-text-align-center is-style-text-annotation has-xx-large-font-size is-style-text-annotation--4\"><strong>Garance Stay<\/strong><\/p>\n\n\n\n<div class=\"wp-block-group is-nowrap is-layout-flex wp-container-core-group-is-layout-6c531013 wp-block-group-is-layout-flex\">\n<blockquote class=\"wp-block-quote is-layout-flow wp-block-quote-is-layout-flow\">\n<p>Bient\u00f4t dipl\u00f4m\u00e9e en psychologie, je visualise mon avenir rempli de passion et d\u2019aventure en compagnie d\u2019une fid\u00e8le troupe d\u2019amies. <\/p>\n\n\n\n<p>\u00c0 travers Encrage, j\u2019ai la volont\u00e9 de promouvoir l\u2019art et la litt\u00e9rature sous toutes ses formes, afin que les r\u00eaves ne s\u2019\u00e9teignent jamais.<\/p>\n<\/blockquote>\n<\/div>\n\n\n\n<p><em>Garance Stay, autrice et r\u00eaveuse \u00e0 temps plein<\/em><\/p>\n","protected":false},"excerpt":{"rendered":"<p>Lily Padioleau Apr\u00e8s des ann\u00e9es \u00e0 \u00e9crire et \u00e0 cr\u00e9er, et apr\u00e8s l\u2019organisation de deux salons du livre, Encrage s\u2019est impos\u00e9e comme une \u00e9vidence : cr\u00e9er une association pour faire vivre la litt\u00e9rature, les rencontres et la cr\u00e9ation autrement. Avec ce projet, je prolonge mon engagement en faveur des livres aux c\u00f4t\u00e9s de mes plus [&hellip;]<\/p>\n","protected":false},"author":1,"featured_media":0,"parent":0,"menu_order":0,"comment_status":"closed","ping_status":"open","template":"","meta":{"footnotes":""},"class_list":["post-2","page","type-page","status-publish","hentry"],"_links":{"self":[{"href":"http:\/\/encrage.pro\/index.php\/wp-json\/wp\/v2\/pages\/2","targetHints":{"allow":["GET"]}}],"collection":[{"href":"http:\/\/encrage.pro\/index.php\/wp-json\/wp\/v2\/pages"}],"about":[{"href":"http:\/\/encrage.pro\/index.php\/wp-json\/wp\/v2\/types\/page"}],"author":[{"embeddable":true,"href":"http:\/\/encrage.pro\/index.php\/wp-json\/wp\/v2\/users\/1"}],"replies":[{"embeddable":true,"href":"http:\/\/encrage.pro\/index.php\/wp-json\/wp\/v2\/comments?post=2"}],"version-history":[{"count":3,"href":"http:\/\/encrage.pro\/index.php\/wp-json\/wp\/v2\/pages\/2\/revisions"}],"predecessor-version":[{"id":131,"href":"http:\/\/encrage.pro\/index.php\/wp-json\/wp\/v2\/pages\/2\/revisions\/131"}],"wp:attachment":[{"href":"http:\/\/encrage.pro\/index.php\/wp-json\/wp\/v2\/media?parent=2"}],"curies":[{"name":"wp","href":"https:\/\/api.w.org\/{rel}","templated":true}]}}