{"id":29,"date":"2026-02-19T12:17:18","date_gmt":"2026-02-19T12:17:18","guid":{"rendered":"http:\/\/encrage.pro\/?page_id=29"},"modified":"2026-03-11T18:07:33","modified_gmt":"2026-03-11T18:07:33","slug":"evenements","status":"publish","type":"page","link":"http:\/\/encrage.pro\/index.php\/evenements\/","title":{"rendered":"Salon Pyr\u00e9livres"},"content":{"rendered":"\n<div class=\"wp-block-group alignfull is-style-section-5 has-global-padding is-layout-constrained wp-container-core-group-is-layout-aaccf504 wp-block-group-is-layout-constrained is-style-section-5--1\" style=\"margin-top:0;margin-bottom:0;padding-top:var(--wp--preset--spacing--40);padding-right:0;padding-bottom:var(--wp--preset--spacing--40);padding-left:0\">\n<div class=\"wp-block-columns alignwide is-layout-flex wp-container-core-columns-is-layout-643ced6b wp-block-columns-is-layout-flex\">\n<div class=\"wp-block-column is-layout-flow wp-block-column-is-layout-flow\" style=\"flex-basis:40%\">\n<figure class=\"wp-block-image size-large has-custom-border is-style-default\"><img loading=\"lazy\" decoding=\"async\" width=\"1024\" height=\"576\" src=\"https:\/\/encrage.pro\/wp-content\/uploads\/2026\/03\/Food-trucks-buvette-1024x576.png\" alt=\"\" class=\"wp-image-124\" style=\"border-style:none;border-width:0px;border-top-left-radius:61px;border-top-right-radius:61px;border-bottom-left-radius:61px;border-bottom-right-radius:61px\" srcset=\"http:\/\/encrage.pro\/wp-content\/uploads\/2026\/03\/Food-trucks-buvette-1024x576.png 1024w, http:\/\/encrage.pro\/wp-content\/uploads\/2026\/03\/Food-trucks-buvette-300x169.png 300w, http:\/\/encrage.pro\/wp-content\/uploads\/2026\/03\/Food-trucks-buvette-768x432.png 768w, http:\/\/encrage.pro\/wp-content\/uploads\/2026\/03\/Food-trucks-buvette-1536x864.png 1536w, http:\/\/encrage.pro\/wp-content\/uploads\/2026\/03\/Food-trucks-buvette.png 1760w\" sizes=\"auto, (max-width: 1024px) 100vw, 1024px\" \/><\/figure>\n<\/div>\n\n\n\n<div class=\"wp-block-column is-vertically-aligned-center is-layout-flow wp-container-core-column-is-layout-119bc444 wp-block-column-is-layout-flow\" style=\"flex-basis:60%\">\n<h2 class=\"wp-block-heading has-xx-large-font-size\">Salon litt\u00e9raire Pyr\u00e9livres 3\u00e8me \u00e9dition<\/h2>\n\n\n\n<p class=\"has-text-align-center\">Les 24 et 25 octobre 2026 se tiendra la troisi\u00e8me \u00e9dition du salon litt\u00e9raire Pyr\u00e9livres. Si vous \u00eates auteur, \u00e9diteur ou cr\u00e9ateur, il est l&#8217;heure de s&#8217;inscrire afin d&#8217;avoir la chance de participer \u00e0 un \u00e9v\u00e9nement convivial et familial unique dans les Hautes-Pyr\u00e9n\u00e9es.&nbsp;<\/p>\n\n\n\n<p class=\"has-text-align-center\">Les inscriptions sont ouvertes jusqu&#8217;au 15 mai 2026 : <a href=\"https:\/\/forms.gle\/Jdu9o14q8xhfKPhg8\">FORMULAIRE<\/a><\/p>\n\n\n\n<p class=\"has-text-align-center\">Contacts : pyrelivres@gmail.com  \/ lily.padioleau.autrice@gmail.com  <\/p>\n\n\n\n<p class=\"has-text-align-center\">Instagram du salon : @<a href=\"https:\/\/www.instagram.com\/pyrelivres\/\">pyr\u00e9livres <\/a><\/p>\n<\/div>\n<\/div>\n<\/div>\n\n\n\n<figure class=\"wp-block-image size-full\"><img loading=\"lazy\" decoding=\"async\" width=\"2000\" height=\"2000\" src=\"http:\/\/encrage.pro\/wp-content\/uploads\/2026\/02\/PYRELIVRES-2025-106.jpg\" alt=\"\" class=\"wp-image-31\" style=\"aspect-ratio:1;object-fit:cover\" srcset=\"http:\/\/encrage.pro\/wp-content\/uploads\/2026\/02\/PYRELIVRES-2025-106.jpg 2000w, http:\/\/encrage.pro\/wp-content\/uploads\/2026\/02\/PYRELIVRES-2025-106-300x300.jpg 300w, http:\/\/encrage.pro\/wp-content\/uploads\/2026\/02\/PYRELIVRES-2025-106-1024x1024.jpg 1024w, http:\/\/encrage.pro\/wp-content\/uploads\/2026\/02\/PYRELIVRES-2025-106-150x150.jpg 150w, http:\/\/encrage.pro\/wp-content\/uploads\/2026\/02\/PYRELIVRES-2025-106-768x768.jpg 768w, http:\/\/encrage.pro\/wp-content\/uploads\/2026\/02\/PYRELIVRES-2025-106-1536x1536.jpg 1536w\" sizes=\"auto, (max-width: 2000px) 100vw, 2000px\" \/><\/figure>\n\n\n\n<p class=\"has-text-align-right\">\u00a9 Cr\u00e9dit photo : Christophe Cieslar<\/p>\n\n\n\n<div class=\"wp-block-group alignfull is-style-section-5 has-global-padding is-content-justification-right is-layout-constrained wp-container-core-group-is-layout-75e7716f wp-block-group-is-layout-constrained is-style-section-5--2\" style=\"margin-top:0;margin-bottom:0;padding-top:var(--wp--preset--spacing--50);padding-bottom:var(--wp--preset--spacing--50)\">\n<div class=\"wp-block-columns alignwide is-layout-flex wp-container-core-columns-is-layout-7ee84d44 wp-block-columns-is-layout-flex\">\n<div class=\"wp-block-column is-vertically-aligned-center is-layout-flow wp-block-column-is-layout-flow\" style=\"flex-basis:50%\">\n<h2 class=\"wp-block-heading has-text-align-center\">Informations sur le salon<\/h2>\n\n\n\n<p class=\"has-text-align-center has-large-font-size\"><strong>Pyr\u00e9livres<\/strong> est un salon du livre cr\u00e9\u00e9 par Lily Padioleau en 2024, n\u00e9 de la volont\u00e9 de cr\u00e9er un rendez-vous litt\u00e9raire accessible et chaleureux au c\u0153ur des Hautes-Pyr\u00e9n\u00e9es.<\/p>\n\n\n\n<p class=\"has-text-align-center has-large-font-size\">Organis\u00e9 \u00e0 Montgaillard (65200), il r\u00e9unit auteurs, lecteurs et passionn\u00e9s autour de rencontres, d\u00e9dicaces et \u00e9changes privil\u00e9gi\u00e9s. Pens\u00e9 comme un \u00e9v\u00e9nement \u00e0 taille humaine, Pyr\u00e9livres met en avant la diversit\u00e9 des univers litt\u00e9raires tout en favorisant la proximit\u00e9 entre les cr\u00e9ateurs et leur public.<\/p>\n\n\n\n<p class=\"has-text-align-center has-large-font-size\">Plus qu\u2019un simple salon, Pyr\u00e9livres est un espace de partage o\u00f9 la litt\u00e9rature devient un v\u00e9ritable moment de rencontre.<\/p>\n<\/div>\n<\/div>\n<\/div>\n\n\n\n<div class=\"wp-block-group alignfull is-style-section-5 has-global-padding is-content-justification-right is-layout-constrained wp-container-core-group-is-layout-75e7716f wp-block-group-is-layout-constrained is-style-section-5--3\" style=\"margin-top:0;margin-bottom:0;padding-top:var(--wp--preset--spacing--50);padding-bottom:var(--wp--preset--spacing--50)\">\n<div class=\"wp-block-columns alignwide is-layout-flex wp-container-core-columns-is-layout-7ee84d44 wp-block-columns-is-layout-flex\">\n<div class=\"wp-block-column is-vertically-aligned-center is-layout-flow wp-block-column-is-layout-flow\" style=\"flex-basis:50%\">\n<h2 class=\"wp-block-heading has-text-align-center has-x-large-font-size\">O\u00f9 se situe l&#8217;\u00e9v\u00e9nement ?<\/h2>\n\n\n\n<p class=\"has-text-align-center has-large-font-size\">Cette ann\u00e9e le salon se d\u00e9roulera au foyer communal de Montgaillard (65200), une salle plus petite, mais bien plus confortable et agr\u00e9able. Le cadre idyllique, face \u00e0 l\u2019Adour et aux Pyr\u00e9n\u00e9es, rend cette manifestation d\u2019autant plus immanquable ! Les intervenants divers et vari\u00e9s tels que tatoueurs, brasseur, proth\u00e9sistes ongulaires et r\u00e9flexologues seront sur place tout le week-end pour rendre l\u2019exp\u00e9rience inoubliable. Les auteurs et les cr\u00e9ateurs n\u2019attendront que vous pour \u00e9changer autour de leur travail, signer vos livres ou prendre quelques photos souvenir.&nbsp;<\/p>\n\n\n\n<p class=\"has-text-align-center has-large-font-size\">Si vous souhaitez int\u00e9grer notre \u00e9quipe de b\u00e9n\u00e9voles motiv\u00e9s, n&#8217;h\u00e9sitez pas \u00e0 remplir le formulaire \u00e0 votre disposition : <a href=\"https:\/\/forms.gle\/y4KXR7JBDxS4KNe48\">ICI<\/a>.&nbsp;<\/p>\n\n\n\n<p class=\"has-text-align-center has-large-font-size\">Si vous souhaitez sponsoriser l&#8217;\u00e9v\u00e9nement, c&#8217;est \u00e9galement possible: <a href=\"https:\/\/www.helloasso.com\/associations\/association-encrage\/formulaires\/1?_gl=1*xwlyz2*_gcl_au*MTMwNjEzNTkxNy4xNzY4MTI1NDI0Ljg4MzQ0OTk4LjE3NzEzMTg5NjYuMTc3MTMxODk2Ng..\">ICI<\/a> <\/p>\n\n\n\n<p class=\"has-text-align-center has-large-font-size\">Envoyez-nous un message pour plus d&#8217;informations \u00e0 ce sujet, nous vous r\u00e9pondrons dans les plus brefs d\u00e9lais.<\/p>\n<\/div>\n\n\n\n<div class=\"wp-block-column is-vertically-aligned-center is-layout-flow wp-block-column-is-layout-flow\" style=\"flex-basis:50%\">\n<iframe src=\"https:\/\/www.google.com\/maps\/embed?pb=!1m18!1m12!1m3!1d3298.7731770574505!2d0.11053389999999998!3d43.1250964!2m3!1f0!2f0!3f0!3m2!1i1024!2i768!4f13.1!3m3!1m2!1s0x12a82c4d6cecd167%3A0x27e309352e9b8b95!2s6%20Rue%20de%20l&#39;Arbizon%2C%2065200%20Montgaillard!5e1!3m2!1sfr!2sfr!4v1771505340446!5m2!1sfr!2sfr\" width=\"600\" height=\"450\" style=\"border:0;\" allowfullscreen=\"\" loading=\"lazy\" referrerpolicy=\"no-referrer-when-downgrade\"><\/iframe>\n<\/div>\n<\/div>\n\n\n\n<p class=\"has-text-align-right\">6 rue de l&#8217;Arbizon, 65200 Montgaillard<\/p>\n<\/div>\n","protected":false},"excerpt":{"rendered":"<p>Salon litt\u00e9raire Pyr\u00e9livres 3\u00e8me \u00e9dition Les 24 et 25 octobre 2026 se tiendra la troisi\u00e8me \u00e9dition du salon litt\u00e9raire Pyr\u00e9livres. Si vous \u00eates auteur, \u00e9diteur ou cr\u00e9ateur, il est l&#8217;heure de s&#8217;inscrire afin d&#8217;avoir la chance de participer \u00e0 un \u00e9v\u00e9nement convivial et familial unique dans les Hautes-Pyr\u00e9n\u00e9es.&nbsp; Les inscriptions sont ouvertes jusqu&#8217;au 15 mai [&hellip;]<\/p>\n","protected":false},"author":1,"featured_media":0,"parent":0,"menu_order":0,"comment_status":"closed","ping_status":"closed","template":"","meta":{"footnotes":""},"class_list":["post-29","page","type-page","status-publish","hentry"],"_links":{"self":[{"href":"http:\/\/encrage.pro\/index.php\/wp-json\/wp\/v2\/pages\/29","targetHints":{"allow":["GET"]}}],"collection":[{"href":"http:\/\/encrage.pro\/index.php\/wp-json\/wp\/v2\/pages"}],"about":[{"href":"http:\/\/encrage.pro\/index.php\/wp-json\/wp\/v2\/types\/page"}],"author":[{"embeddable":true,"href":"http:\/\/encrage.pro\/index.php\/wp-json\/wp\/v2\/users\/1"}],"replies":[{"embeddable":true,"href":"http:\/\/encrage.pro\/index.php\/wp-json\/wp\/v2\/comments?post=29"}],"version-history":[{"count":13,"href":"http:\/\/encrage.pro\/index.php\/wp-json\/wp\/v2\/pages\/29\/revisions"}],"predecessor-version":[{"id":125,"href":"http:\/\/encrage.pro\/index.php\/wp-json\/wp\/v2\/pages\/29\/revisions\/125"}],"wp:attachment":[{"href":"http:\/\/encrage.pro\/index.php\/wp-json\/wp\/v2\/media?parent=29"}],"curies":[{"name":"wp","href":"https:\/\/api.w.org\/{rel}","templated":true}]}}