{"id":66,"date":"2026-02-26T09:29:06","date_gmt":"2026-02-26T09:29:06","guid":{"rendered":"https:\/\/encrage.pro\/?page_id=66"},"modified":"2026-03-27T08:35:29","modified_gmt":"2026-03-27T08:35:29","slug":"partenaires","status":"publish","type":"page","link":"https:\/\/encrage.pro\/index.php\/partenaires\/","title":{"rendered":"Partenaires"},"content":{"rendered":"\n<p class=\"has-text-align-center\">Un immense merci \u00e0 tous les partenaires d&#8217;Encrage !<br>Pour nous rejoindre dans cette aventure, contactez-nous !<\/p>\n\n\n\n<div class=\"wp-block-group is-nowrap is-layout-flex wp-container-core-group-is-layout-f66f9956 wp-block-group-is-layout-flex\">\n<figure class=\"wp-block-image size-full is-resized\"><a href=\"https:\/\/montgaillard65200.wixsite.com\/mairie\" target=\"_blank\" rel=\" noreferrer noopener\"><img loading=\"lazy\" decoding=\"async\" width=\"347\" height=\"399\" src=\"https:\/\/encrage.pro\/wp-content\/uploads\/2026\/02\/Blason-montgaillard.png\" alt=\"\" class=\"wp-image-67\" style=\"aspect-ratio:0.8696690816526337;width:99px;height:auto\" srcset=\"https:\/\/encrage.pro\/wp-content\/uploads\/2026\/02\/Blason-montgaillard.png 347w, https:\/\/encrage.pro\/wp-content\/uploads\/2026\/02\/Blason-montgaillard-261x300.png 261w\" sizes=\"auto, (max-width: 347px) 100vw, 347px\" \/><\/a><\/figure>\n\n\n\n<p>Le village de Montgaillard 65200<\/p>\n<\/div>\n\n\n\n<div class=\"wp-block-media-text is-stacked-on-mobile\"><figure class=\"wp-block-media-text__media\"><a href=\"https:\/\/www.livraisonbagneraise.fr\/\" target=\"_blank\" rel=\" noreferrer noopener\"><img loading=\"lazy\" decoding=\"async\" width=\"1266\" height=\"577\" src=\"https:\/\/encrage.pro\/wp-content\/uploads\/2026\/03\/Logo-Livraison-Bagneraise.png\" alt=\"\" class=\"wp-image-105 size-full\" srcset=\"https:\/\/encrage.pro\/wp-content\/uploads\/2026\/03\/Logo-Livraison-Bagneraise.png 1266w, https:\/\/encrage.pro\/wp-content\/uploads\/2026\/03\/Logo-Livraison-Bagneraise-300x137.png 300w, https:\/\/encrage.pro\/wp-content\/uploads\/2026\/03\/Logo-Livraison-Bagneraise-1024x467.png 1024w, https:\/\/encrage.pro\/wp-content\/uploads\/2026\/03\/Logo-Livraison-Bagneraise-768x350.png 768w\" sizes=\"auto, (max-width: 1266px) 100vw, 1266px\" \/><\/a><\/figure><div class=\"wp-block-media-text__content\">\n<p>Livraison Bagn\u00e9raise<br>Bagn\u00e8res de Bigorre 65200<\/p>\n<\/div><\/div>\n\n\n\n<div class=\"wp-block-group is-nowrap is-layout-flex wp-container-core-group-is-layout-f66f9956 wp-block-group-is-layout-flex\">\n<div class=\"wp-block-media-text is-stacked-on-mobile\" style=\"grid-template-columns:46% auto\"><figure class=\"wp-block-media-text__media\"><a href=\"https:\/\/overdarkeditions.com\/\" target=\"_blank\" rel=\" noreferrer noopener\"><img loading=\"lazy\" decoding=\"async\" width=\"1024\" height=\"515\" src=\"https:\/\/encrage.pro\/wp-content\/uploads\/2026\/03\/Darky-over-dark-1024x515.png\" alt=\"\" class=\"wp-image-110 size-full\" srcset=\"https:\/\/encrage.pro\/wp-content\/uploads\/2026\/03\/Darky-over-dark-1024x515.png 1024w, https:\/\/encrage.pro\/wp-content\/uploads\/2026\/03\/Darky-over-dark-300x151.png 300w, https:\/\/encrage.pro\/wp-content\/uploads\/2026\/03\/Darky-over-dark-768x386.png 768w, https:\/\/encrage.pro\/wp-content\/uploads\/2026\/03\/Darky-over-dark.png 1485w\" sizes=\"auto, (max-width: 1024px) 100vw, 1024px\" \/><\/a><\/figure><div class=\"wp-block-media-text__content\">\n<p>Over Dark Editions<br>Maison d&#8217;\u00e9dition de l&#8217;imaginaire<\/p>\n<\/div><\/div>\n<\/div>\n\n\n\n<p><a href=\"https:\/\/byqlcreations.sumupstore.com\/\">By QL Cr\u00e9ations<\/a><br>Cr\u00e9atrice d&#8217;articles personnalis\u00e9s pour toute la famille<br>Haut-de-France et livraisons<\/p>\n","protected":false},"excerpt":{"rendered":"<p>Un immense merci \u00e0 tous les partenaires d&#8217;Encrage !Pour nous rejoindre dans cette aventure, contactez-nous ! Le village de Montgaillard 65200 Livraison Bagn\u00e9raiseBagn\u00e8res de Bigorre 65200 Over Dark EditionsMaison d&#8217;\u00e9dition de l&#8217;imaginaire By QL Cr\u00e9ationsCr\u00e9atrice d&#8217;articles personnalis\u00e9s pour toute la familleHaut-de-France et livraisons<\/p>\n","protected":false},"author":1,"featured_media":0,"parent":0,"menu_order":0,"comment_status":"closed","ping_status":"closed","template":"","meta":{"footnotes":""},"class_list":["post-66","page","type-page","status-publish","hentry"],"_links":{"self":[{"href":"https:\/\/encrage.pro\/index.php\/wp-json\/wp\/v2\/pages\/66","targetHints":{"allow":["GET"]}}],"collection":[{"href":"https:\/\/encrage.pro\/index.php\/wp-json\/wp\/v2\/pages"}],"about":[{"href":"https:\/\/encrage.pro\/index.php\/wp-json\/wp\/v2\/types\/page"}],"author":[{"embeddable":true,"href":"https:\/\/encrage.pro\/index.php\/wp-json\/wp\/v2\/users\/1"}],"replies":[{"embeddable":true,"href":"https:\/\/encrage.pro\/index.php\/wp-json\/wp\/v2\/comments?post=66"}],"version-history":[{"count":5,"href":"https:\/\/encrage.pro\/index.php\/wp-json\/wp\/v2\/pages\/66\/revisions"}],"predecessor-version":[{"id":133,"href":"https:\/\/encrage.pro\/index.php\/wp-json\/wp\/v2\/pages\/66\/revisions\/133"}],"wp:attachment":[{"href":"https:\/\/encrage.pro\/index.php\/wp-json\/wp\/v2\/media?parent=66"}],"curies":[{"name":"wp","href":"https:\/\/api.w.org\/{rel}","templated":true}]}}